{"id":598,"date":"2020-03-09T14:23:00","date_gmt":"2020-03-09T13:23:00","guid":{"rendered":"https:\/\/www.tordy.at\/?page_id=598"},"modified":"2026-02-03T08:13:15","modified_gmt":"2026-02-03T07:13:15","slug":"start","status":"publish","type":"page","link":"https:\/\/www.tordy.at\/","title":{"rendered":"Start"},"content":{"rendered":"\n<p>Psychotherapeut (Humanistische Therapie &#8211; Psychodrama)<br>Supervisor, Coach, Organisationsberater <br>Sozialarbeiter, Trainer &amp; Referent<br>Gesch\u00e4ftsf\u00fchrer Sozialma\u00df OG<\/p>\n\n\n\n<p><strong><a href=\"https:\/\/www.tordy.at\/index.php\/kontakt\/\" data-type=\"page\" data-id=\"123\">Kontakt<\/a><\/strong><\/p>\n","protected":false},"excerpt":{"rendered":"<p>Psychotherapeut (Humanistische Therapie &#8211; Psychodrama)Supervisor, Coach, Organisationsberater Sozialarbeiter, Trainer &amp; ReferentGesch\u00e4ftsf\u00fchrer Sozialma\u00df OG Kontakt<\/p>\n","protected":false},"author":5,"featured_media":0,"parent":0,"menu_order":0,"comment_status":"closed","ping_status":"closed","template":"","meta":{"footnotes":""},"class_list":["post-598","page","type-page","status-publish","hentry"],"_links":{"self":[{"href":"https:\/\/www.tordy.at\/index.php\/wp-json\/wp\/v2\/pages\/598","targetHints":{"allow":["GET"]}}],"collection":[{"href":"https:\/\/www.tordy.at\/index.php\/wp-json\/wp\/v2\/pages"}],"about":[{"href":"https:\/\/www.tordy.at\/index.php\/wp-json\/wp\/v2\/types\/page"}],"author":[{"embeddable":true,"href":"https:\/\/www.tordy.at\/index.php\/wp-json\/wp\/v2\/users\/5"}],"replies":[{"embeddable":true,"href":"https:\/\/www.tordy.at\/index.php\/wp-json\/wp\/v2\/comments?post=598"}],"version-history":[{"count":5,"href":"https:\/\/www.tordy.at\/index.php\/wp-json\/wp\/v2\/pages\/598\/revisions"}],"predecessor-version":[{"id":775,"href":"https:\/\/www.tordy.at\/index.php\/wp-json\/wp\/v2\/pages\/598\/revisions\/775"}],"wp:attachment":[{"href":"https:\/\/www.tordy.at\/index.php\/wp-json\/wp\/v2\/media?parent=598"}],"curies":[{"name":"wp","href":"https:\/\/api.w.org\/{rel}","templated":true}]}}